{"id":880,"date":"2023-09-29T08:24:45","date_gmt":"2023-09-29T08:24:45","guid":{"rendered":"https:\/\/psicologa-lolasalinas.com\/wordpress\/?page_id=880"},"modified":"2023-09-29T08:35:45","modified_gmt":"2023-09-29T08:35:45","slug":"politica-de-privacidad","status":"publish","type":"page","link":"https:\/\/psicologa-lolasalinas.com\/wordpress\/index.php\/recetas-para-el-bienestar\/politica-de-privacidad\/","title":{"rendered":"Pol\u00edtica de privacidad"},"content":{"rendered":"\n<h2 class=\"wp-block-heading\">Qui\u00e9nes somos<\/h2>\n\n\n\n<p>La direcci\u00f3n de nuestra web es: https:\/\/psicologa-lolasalinas.com\/wordpress.<\/p>\n\n\n\n<h2 class=\"wp-block-heading\">Comentarios<\/h2>\n\n\n\n<p>La administraci\u00f3n de la p\u00e1gina no utiliza cookies ni recopila ning\u00fan dato tuyo cuando visitas nuestro blog, sin embargo, e<strong class=\"privacy-policy-tutorial\">s posible que WordPress recopile datos estad\u00edsticos de uso a trav\u00e9s de las cookies que ellos mismos establecen en sus programas<\/strong>. A continuaci\u00f3n te transcribimos su texto de privacidad en azul y entrecomillado: <\/p>\n\n\n\n<p class=\"has-text-align-left has-bright-blue-color has-text-color has-small-font-size\">\u00abCuando los visitantes dejan comentarios en la web, recopilamos los datos que se muestran en el formulario de comentarios, as\u00ed como la direcci\u00f3n IP del visitante y la cadena de agentes de usuario del navegador para ayudar a la detecci\u00f3n de spam.<\/p>\n\n\n\n<p class=\"has-bright-blue-color has-text-color has-small-font-size\">Una cadena an\u00f3nima creada a partir de tu direcci\u00f3n de correo electr\u00f3nico (tambi\u00e9n llamada hash) puede ser proporcionada al servicio de Gravatar para ver si la est\u00e1s usando. La pol\u00edtica de privacidad del servicio Gravatar est\u00e1 disponible aqu\u00ed: https:\/\/automattic.com\/privacy\/. Despu\u00e9s de la aprobaci\u00f3n de tu comentario, la imagen de tu perfil es visible para el p\u00fablico en el contexto de tu comentario\u00bb.<\/p>\n\n\n\n<h2 class=\"wp-block-heading has-bright-blue-color has-text-color\">Cookies<\/h2>\n\n\n\n<p class=\"has-bright-blue-color has-text-color has-small-font-size\">\u00abSi dejas un comentario en nuestro sitio puedes elegir guardar tu nombre, direcci\u00f3n de correo electr\u00f3nico y web en cookies. Esto es para tu comodidad, para que no tengas que volver a rellenar tus datos cuando dejes otro comentario. Estas cookies tendr\u00e1n una duraci\u00f3n de un a\u00f1o.<\/p>\n\n\n\n<p class=\"has-bright-blue-color has-text-color has-small-font-size\">Si tienes una cuenta y te conectas a este sitio, instalaremos una cookie temporal para determinar si tu navegador acepta cookies. Esta cookie no contiene datos personales y se elimina al cerrar el navegador.<\/p>\n\n\n\n<p class=\"has-bright-blue-color has-text-color has-small-font-size\">Cuando accedas, tambi\u00e9n instalaremos varias cookies para guardar tu informaci\u00f3n de acceso y tus opciones de visualizaci\u00f3n de pantalla. Las cookies de acceso duran dos d\u00edas, y las cookies de opciones de pantalla duran un a\u00f1o. Si seleccionas \u00abRecu\u00e9rdarme\u00bb, tu acceso perdurar\u00e1 durante dos semanas. Si sales de tu cuenta, las cookies de acceso se eliminar\u00e1n\u00bb.<\/p>\n\n\n\n<h2 class=\"wp-block-heading has-bright-blue-color has-text-color\">Cu\u00e1nto tiempo conservamos tus datos<\/h2>\n\n\n\n<p class=\"has-bright-blue-color has-text-color has-small-font-size\">\u00abSi dejas un comentario, el comentario y sus metadatos se conservan indefinidamente. Esto es para que podamos reconocer y aprobar comentarios sucesivos autom\u00e1ticamente, en lugar de mantenerlos en una cola de moderaci\u00f3n.\u00bb<\/p>\n\n\n\n<h2 class=\"wp-block-heading has-dark-gray-color has-text-color\">D\u00f3nde se env\u00edan tus datos<\/h2>\n\n\n\n<p class=\"has-dark-gray-color has-text-color has-small-font-size\"><strong class=\"privacy-policy-tutorial\"> <\/strong>Los comentarios de los visitantes puede que los revise un servicio de detecci\u00f3n autom\u00e1tica de spam.<\/p>\n\n\n\n<p><\/p>\n","protected":false},"excerpt":{"rendered":"<p>Qui\u00e9nes somos La direcci\u00f3n de nuestra web es: https:\/\/psicologa-lolasalinas.com\/wordpress. Comentarios La administraci\u00f3n de la p\u00e1gina no utiliza cookies ni recopila ning\u00fan dato tuyo cuando visitas nuestro blog, sin embargo, es posible que WordPress recopile datos estad\u00edsticos de uso a trav\u00e9s de las cookies que ellos mismos establecen en sus programas. A continuaci\u00f3n te transcribimos su &hellip; <a href=\"https:\/\/psicologa-lolasalinas.com\/wordpress\/index.php\/recetas-para-el-bienestar\/politica-de-privacidad\/\" class=\"more-link\">Sigue leyendo <span class=\"screen-reader-text\">Pol\u00edtica de privacidad<\/span><\/a><\/p>\n","protected":false},"author":1,"featured_media":0,"parent":230,"menu_order":-1,"comment_status":"closed","ping_status":"closed","template":"","meta":{"footnotes":""},"class_list":["post-880","page","type-page","status-publish","hentry"],"_links":{"self":[{"href":"https:\/\/psicologa-lolasalinas.com\/wordpress\/index.php\/wp-json\/wp\/v2\/pages\/880","targetHints":{"allow":["GET"]}}],"collection":[{"href":"https:\/\/psicologa-lolasalinas.com\/wordpress\/index.php\/wp-json\/wp\/v2\/pages"}],"about":[{"href":"https:\/\/psicologa-lolasalinas.com\/wordpress\/index.php\/wp-json\/wp\/v2\/types\/page"}],"author":[{"embeddable":true,"href":"https:\/\/psicologa-lolasalinas.com\/wordpress\/index.php\/wp-json\/wp\/v2\/users\/1"}],"replies":[{"embeddable":true,"href":"https:\/\/psicologa-lolasalinas.com\/wordpress\/index.php\/wp-json\/wp\/v2\/comments?post=880"}],"version-history":[{"count":2,"href":"https:\/\/psicologa-lolasalinas.com\/wordpress\/index.php\/wp-json\/wp\/v2\/pages\/880\/revisions"}],"predecessor-version":[{"id":882,"href":"https:\/\/psicologa-lolasalinas.com\/wordpress\/index.php\/wp-json\/wp\/v2\/pages\/880\/revisions\/882"}],"up":[{"embeddable":true,"href":"https:\/\/psicologa-lolasalinas.com\/wordpress\/index.php\/wp-json\/wp\/v2\/pages\/230"}],"wp:attachment":[{"href":"https:\/\/psicologa-lolasalinas.com\/wordpress\/index.php\/wp-json\/wp\/v2\/media?parent=880"}],"curies":[{"name":"wp","href":"https:\/\/api.w.org\/{rel}","templated":true}]}}