{"id":296,"date":"2018-05-20T14:09:31","date_gmt":"2018-05-20T14:09:31","guid":{"rendered":"https:\/\/lolasalinas-psicologa.com\/wordpress\/?page_id=296"},"modified":"2023-09-29T15:24:29","modified_gmt":"2023-09-29T15:24:29","slug":"contacto","status":"publish","type":"page","link":"https:\/\/psicologa-lolasalinas.com\/wordpress\/index.php\/contacto\/","title":{"rendered":"Contacto"},"content":{"rendered":"<p>\u00bfDeseas informaci\u00f3n sobre la consulta o la psic\u00f3loga?<\/p>\n<p>En la web: <a href=\"http:\/\/www.psicologa-lolasalinas.com\">www.psicologa-lolasalinas.com<\/a> encontrar\u00e1s la siguiente informaci\u00f3n:<\/p>\n<p>Perfil profesional de Lola Salinas<\/p>\n<p>Horarios y precios<\/p>\n<p>Temas y problemas que se pueden tratar en la consulta<\/p>\n<p>Es necesario solicitar cita previa. Si deseas pedir cita o m\u00e1s informaci\u00f3n por tel\u00e9fono, llama al\u00a0 91 501 85 22<\/p>\n<p>Tambi\u00e9n puedes escribir a consulta@lolasalinas-psicologa.com<\/p>\n<p>Otras webs de la psic\u00f3loga-sex\u00f3loga que puedes consultar<\/p>\n<p><a href=\"http:\/\/www.cota5.es\">www.cota5.es<\/a><\/p>\n<p>&nbsp;<\/p>\n","protected":false},"excerpt":{"rendered":"<p>\u00bfDeseas informaci\u00f3n sobre la consulta o la psic\u00f3loga? En la web: www.psicologa-lolasalinas.com encontrar\u00e1s la siguiente informaci\u00f3n: Perfil profesional de Lola Salinas Horarios y precios Temas y problemas que se pueden tratar en la consulta Es necesario solicitar cita previa. Si deseas pedir cita o m\u00e1s informaci\u00f3n por tel\u00e9fono, llama al\u00a0 91 501 85 22 Tambi\u00e9n &hellip; <a href=\"https:\/\/psicologa-lolasalinas.com\/wordpress\/index.php\/contacto\/\" class=\"more-link\">Sigue leyendo <span class=\"screen-reader-text\">Contacto<\/span><\/a><\/p>\n","protected":false},"author":1,"featured_media":0,"parent":0,"menu_order":1,"comment_status":"closed","ping_status":"closed","template":"","meta":{"footnotes":""},"class_list":["post-296","page","type-page","status-publish","hentry"],"_links":{"self":[{"href":"https:\/\/psicologa-lolasalinas.com\/wordpress\/index.php\/wp-json\/wp\/v2\/pages\/296","targetHints":{"allow":["GET"]}}],"collection":[{"href":"https:\/\/psicologa-lolasalinas.com\/wordpress\/index.php\/wp-json\/wp\/v2\/pages"}],"about":[{"href":"https:\/\/psicologa-lolasalinas.com\/wordpress\/index.php\/wp-json\/wp\/v2\/types\/page"}],"author":[{"embeddable":true,"href":"https:\/\/psicologa-lolasalinas.com\/wordpress\/index.php\/wp-json\/wp\/v2\/users\/1"}],"replies":[{"embeddable":true,"href":"https:\/\/psicologa-lolasalinas.com\/wordpress\/index.php\/wp-json\/wp\/v2\/comments?post=296"}],"version-history":[{"count":2,"href":"https:\/\/psicologa-lolasalinas.com\/wordpress\/index.php\/wp-json\/wp\/v2\/pages\/296\/revisions"}],"predecessor-version":[{"id":946,"href":"https:\/\/psicologa-lolasalinas.com\/wordpress\/index.php\/wp-json\/wp\/v2\/pages\/296\/revisions\/946"}],"wp:attachment":[{"href":"https:\/\/psicologa-lolasalinas.com\/wordpress\/index.php\/wp-json\/wp\/v2\/media?parent=296"}],"curies":[{"name":"wp","href":"https:\/\/api.w.org\/{rel}","templated":true}]}}